{"id":120,"date":"2022-11-29T21:03:11","date_gmt":"2022-11-29T21:03:11","guid":{"rendered":"https:\/\/www.lavita-menue.de\/cms\/?page_id=120"},"modified":"2024-03-05T00:13:29","modified_gmt":"2024-03-05T00:13:29","slug":"aushang-allergene","status":"publish","type":"page","link":"https:\/\/www.lavita-menue.de\/cms\/aushang-allergene\/","title":{"rendered":"Liste Allergene"},"content":{"rendered":"\n<p class=\"has-black-color has-text-color\">Sehr geehrter G\u00e4ste, <br>laut Gesetzgeber muss auf folgende Allergene hingewiesen werden.<br><br>Unsere Speisen k\u00f6nnen, je nach Zusammenstellung, folgende Zutaten enthalten:<\/p>\n\n\n\n<p class=\"has-black-color has-text-color has-background\" style=\"background-color:#f1f1f1\">(a Glutenhaltiges Getreide \u2013 Weizen, Roggen, Gerste, Hafer, Dinkel, Kamut oder Hybridst\u00e4mme (z. B.<br>Nudeln und div. Pizzas, Salate etc.)<br>(b Eier (z. B. versch. Pizza, Salate oder Nudeln)<br>(c Fisch (z. B. in Pizza, Salate oder Nudeln mit Meeresfr\u00fcchten)<br>(d Weichtiere (z. B. in Pizza, Salate oder Nudeln mit Meeresfr\u00fcchten)<br>(e Krebstiere (z. B. in Pizza, Salate oder Nudeln mit Meeresfr\u00fcchten)<br>(f Milch und Milchprodukte, inkl. Laktose (z. B. in Speiseeis, S\u00fc\u00df- \/ Nachspeisen)<br>(g Schalenfr\u00fcchte (z. B. in Speiseeis, S\u00fc\u00df- undNachspeisen &#8211; Mandel, Haselnuss, Walnuss, Cashew, Pecannuss, Paranuss, Pistazie, Macadamianuss undQueenslandnuss)<br>(h Erdn\u00fcsse (z. B. Speiseeis, S\u00fc\u00df- und Nachspeisen)<br>(j Sellerie<br>(k Senf<br>(l Sesamsamen<br>(m Schwefeldioxid und Sulfite (z. B. schwarze Oliven)<br>in einer Konzentration von mehr als 10 mg\/kg<br>oder 10mg\/l<br>(n Lupinen<br>(v Soja<br>&#8212;&#8212;&#8212;&#8212;&#8212;&#8212;&#8212;&#8212;&#8212;<br>(o Geschmacksverst\u00e4rker<br>(p Phosphat<br>(q Konservierungsstoffe<br>(r Farbstoffe<br>(s S\u00fc\u00dfungsmittel<\/p>\n\n\n\n<p class=\"has-black-color has-text-color\">Falls Sie nicht sicher sind oder Fragen haben, z\u00f6gern Sie bitte nicht unseren Service anzusprechen.<\/p>\n\n\n\n<div class=\"wp-block-essential-blocks-call-to-action\"><div class=\"eb-parent-wrapper eb-parent-eb-call-to-action-wyvlkjm \"><div class=\"eb-cia-wrapper eb-call-to-action-wyvlkjm\" data-icon=\"fas fa-beer\"><div class=\"eb-cia-text-wrapper\"><i class=\"fas fa-beer eb-cia-icon\" icon=\"fas fa-beer\"><\/i><h3 class=\"eb-cia-title\">KALTGETR\u00c4NKE<\/h3><p class=\"eb-cia-description\">Alkoholfreie Getr\u00e4nke, Biere und Weine<\/p><\/div><div class=\"eb-cia-button-wrapper\"><a href=\"https:\/\/www.lavita-menue.de\/cms\/getraenke\/\" target=\"_self\" rel=\"noopener\"><div class=\"eb-cia-button is-large hvr-grow\">GETR\u00c4NKE<\/div><\/a><\/div><\/div><\/div><\/div>\n","protected":false},"excerpt":{"rendered":"<p>Sehr geehrter G\u00e4ste, laut Gesetzgeber muss auf folgende Allergene hingewiesen werden. Unsere Speisen k\u00f6nnen, je nach Zusammenstellung, folgende Zutaten enthalten: (a Glutenhaltiges Getreide \u2013 Weizen, Roggen, Gerste, Hafer, Dinkel, Kamut oder Hybridst\u00e4mme (z. B.Nudeln und div. Pizzas, Salate etc.)(b Eier (z. B. versch. Pizza, Salate oder Nudeln)(c Fisch (z. B. in Pizza, Salate oder Nudeln mit Meeresfr\u00fcchten)(d Weichtiere (z. B. [&hellip;]<\/p>\n","protected":false},"author":1,"featured_media":0,"parent":0,"menu_order":0,"comment_status":"closed","ping_status":"closed","template":"","meta":{"_eb_attr":"","footnotes":""},"_links":{"self":[{"href":"https:\/\/www.lavita-menue.de\/cms\/wp-json\/wp\/v2\/pages\/120"}],"collection":[{"href":"https:\/\/www.lavita-menue.de\/cms\/wp-json\/wp\/v2\/pages"}],"about":[{"href":"https:\/\/www.lavita-menue.de\/cms\/wp-json\/wp\/v2\/types\/page"}],"author":[{"embeddable":true,"href":"https:\/\/www.lavita-menue.de\/cms\/wp-json\/wp\/v2\/users\/1"}],"replies":[{"embeddable":true,"href":"https:\/\/www.lavita-menue.de\/cms\/wp-json\/wp\/v2\/comments?post=120"}],"version-history":[{"count":8,"href":"https:\/\/www.lavita-menue.de\/cms\/wp-json\/wp\/v2\/pages\/120\/revisions"}],"predecessor-version":[{"id":1076,"href":"https:\/\/www.lavita-menue.de\/cms\/wp-json\/wp\/v2\/pages\/120\/revisions\/1076"}],"wp:attachment":[{"href":"https:\/\/www.lavita-menue.de\/cms\/wp-json\/wp\/v2\/media?parent=120"}],"curies":[{"name":"wp","href":"https:\/\/api.w.org\/{rel}","templated":true}]}}